{"id":1238,"date":"2023-01-20T08:46:30","date_gmt":"2023-01-20T08:46:30","guid":{"rendered":"https:\/\/panel.nautiqueyachting.com\/?page_id=1238"},"modified":"2023-01-20T08:54:50","modified_gmt":"2023-01-20T08:54:50","slug":"kaptan-kayit-formu","status":"publish","type":"page","link":"https:\/\/panel.nautiqueyachting.com\/tr\/kaptan-kayit-formu\/","title":{"rendered":"Kaptan Kay\u0131t Formu"},"content":{"rendered":"\n<figure class=\"wp-block-image size-large is-resized\"><img loading=\"lazy\" decoding=\"async\" src=\"https:\/\/panel.nautiqueyachting.com\/wp-content\/uploads\/2023\/01\/Nautique_Yachting-1024x614.png\" alt=\"\" class=\"wp-image-1209\" width=\"214\" height=\"87\"\/><\/figure>\n\n\n\n<link rel=\"preconnect\" href=\"https:\/\/fonts.googleapis.com\">\n<link rel=\"preconnect\" href=\"https:\/\/fonts.gstatic.com\" crossorigin=\"\">\n<link href=\"https:\/\/fonts.googleapis.com\/css2?family=Noto+Sans:ital,wght@0,100;0,200;0,300;0,400;0,500;0,600;0,700;0,800;0,900;1,100;1,200;1,300;1,400;1,500;1,600;1,700;1,800;1,900&amp;family=Poppins:wght@100;200;300;500;600&amp;display=swap\" rel=\"stylesheet\">\n\n\n\n\n<div class=\"wpcf7 no-js\" id=\"wpcf7-f1234-o1\" lang=\"en-US\" dir=\"ltr\">\n<div class=\"screen-reader-response\"><p role=\"status\" aria-live=\"polite\" aria-atomic=\"true\"><\/p> <ul><\/ul><\/div>\n<form action=\"\/tr\/wp-json\/wp\/v2\/pages\/1238#wpcf7-f1234-o1\" method=\"post\" class=\"wpcf7-form init\" aria-label=\"Contact form\" enctype=\"multipart\/form-data\" novalidate=\"novalidate\" data-status=\"init\">\n<div style=\"display: none;\">\n<input type=\"hidden\" name=\"_wpcf7\" value=\"1234\" \/>\n<input type=\"hidden\" name=\"_wpcf7_version\" value=\"5.8.7\" \/>\n<input type=\"hidden\" name=\"_wpcf7_locale\" value=\"en_US\" \/>\n<input type=\"hidden\" name=\"_wpcf7_unit_tag\" value=\"wpcf7-f1234-o1\" \/>\n<input type=\"hidden\" name=\"_wpcf7_container_post\" value=\"0\" \/>\n<input type=\"hidden\" name=\"_wpcf7_posted_data_hash\" value=\"\" \/>\n<\/div>\n<p>Kaptan Bilgileri\n<\/p>\n<p><span class=\"wpcf7-form-control-wrap\" data-name=\"your-name\"><input size=\"40\" class=\"wpcf7-form-control wpcf7-text wpcf7-validates-as-required\" aria-required=\"true\" aria-invalid=\"false\" placeholder=\"Ad\" value=\"\" type=\"text\" name=\"your-name\" \/><\/span><br \/>\n<span class=\"wpcf7-form-control-wrap\" data-name=\"sur-name\"><input size=\"40\" class=\"wpcf7-form-control wpcf7-text wpcf7-validates-as-required\" aria-required=\"true\" aria-invalid=\"false\" placeholder=\"Soyad\" value=\"\" type=\"text\" name=\"sur-name\" \/><\/span><br \/>\n<span class=\"wpcf7-form-control-wrap\" data-name=\"your-tel\"><input size=\"40\" class=\"wpcf7-form-control wpcf7-tel wpcf7-validates-as-required wpcf7-text wpcf7-validates-as-tel\" aria-required=\"true\" aria-invalid=\"false\" placeholder=\"Cep Telefon\" value=\"\" type=\"tel\" name=\"your-tel\" \/><\/span><br \/>\n<span class=\"wpcf7-form-control-wrap\" data-name=\"k-email\"><input size=\"40\" class=\"wpcf7-form-control wpcf7-email wpcf7-text wpcf7-validates-as-email\" aria-invalid=\"false\" placeholder=\"E-mail\" value=\"\" type=\"email\" name=\"k-email\" \/><\/span>\n<\/p>\n<p>CV'nizi y\u00fckleyiniz.<br \/>\n<span class=\"wpcf7-form-control-wrap\" data-name=\"file-cv\"><input size=\"40\" class=\"wpcf7-form-control wpcf7-file\" accept=\".doc,.docs,.pdf,.xls\" aria-invalid=\"false\" type=\"file\" name=\"file-cv\" \/><\/span>\n<\/p>\n<p>En Son \u00c7al\u0131\u015ft\u0131\u011f\u0131 Tekne Bilgileri\n<\/p>\n<p><span class=\"wpcf7-form-control-wrap\" data-name=\"y-name\"><input size=\"40\" class=\"wpcf7-form-control wpcf7-text\" aria-invalid=\"false\" placeholder=\"Tekne Ad\u0131\" value=\"\" type=\"text\" name=\"y-name\" \/><\/span><br \/>\n<span class=\"wpcf7-form-control-wrap\" data-name=\"y-brand\"><input size=\"40\" class=\"wpcf7-form-control wpcf7-text wpcf7-validates-as-required\" aria-required=\"true\" aria-invalid=\"false\" placeholder=\"Marka\" value=\"\" type=\"text\" name=\"y-brand\" \/><\/span><br \/>\n<span class=\"wpcf7-form-control-wrap\" data-name=\"y-model\"><input size=\"40\" class=\"wpcf7-form-control wpcf7-text wpcf7-validates-as-required\" aria-required=\"true\" aria-invalid=\"false\" placeholder=\"Model\" value=\"\" type=\"text\" name=\"y-model\" \/><\/span><br \/>\n<span class=\"wpcf7-form-control-wrap\" data-name=\"y-year\"><input size=\"40\" class=\"wpcf7-form-control wpcf7-text wpcf7-validates-as-required\" aria-required=\"true\" aria-invalid=\"false\" placeholder=\"\u00dcretim Y\u0131l\u0131\" value=\"\" type=\"text\" name=\"y-year\" \/><\/span><br \/>\n<span class=\"wpcf7-form-control-wrap\" data-name=\"y-location\"><input size=\"40\" class=\"wpcf7-form-control wpcf7-text\" aria-invalid=\"false\" placeholder=\"Lokasyon\" value=\"\" type=\"text\" name=\"y-location\" \/><\/span><br \/>\n<span class=\"wpcf7-form-control-wrap\" data-name=\"y-flag\"><input size=\"40\" class=\"wpcf7-form-control wpcf7-text\" aria-invalid=\"false\" placeholder=\"Bayrak\" value=\"\" type=\"text\" name=\"y-flag\" \/><\/span>\n<\/p>\n<p><input class=\"wpcf7-form-control wpcf7-submit has-spinner\" type=\"submit\" value=\"G\u00d6NDER\" \/>\n<\/p><div class=\"wpcf7-response-output\" aria-hidden=\"true\"><\/div>\n<\/form>\n<\/div>\n\n","protected":false},"excerpt":{"rendered":"","protected":false},"author":1,"featured_media":0,"parent":0,"menu_order":0,"comment_status":"closed","ping_status":"closed","template":"","meta":{"footnotes":""},"class_list":["post-1238","page","type-page","status-publish","hentry"],"yoast_head":"<!-- This site is optimized with the Yoast SEO plugin v22.0 - https:\/\/yoast.com\/wordpress\/plugins\/seo\/ -->\n<title>Nautique Yachting - Kaptan Kay\u0131t Formu<\/title>\n<meta name=\"description\" content=\"Nautique Yachting Sistemine Kay\u0131t Olmak \u0130\u00e7in L\u00fctfen Bilgileri Doldurunuz.\" \/>\n<meta name=\"robots\" content=\"noindex, follow, max-snippet:-1, max-image-preview:large, max-video-preview:-1\" \/>\n<meta property=\"og:locale\" content=\"tr_TR\" \/>\n<meta property=\"og:type\" content=\"article\" \/>\n<meta property=\"og:title\" content=\"Nautique Yachting - Kaptan Kay\u0131t Formu\" \/>\n<meta property=\"og:description\" content=\"Nautique Yachting Sistemine Kay\u0131t Olmak \u0130\u00e7in L\u00fctfen Bilgileri Doldurunuz.\" \/>\n<meta property=\"og:url\" content=\"https:\/\/panel.nautiqueyachting.com\/tr\/kaptan-kayit-formu\/\" \/>\n<meta property=\"og:site_name\" content=\"Nautique Yachting\" \/>\n<meta property=\"article:modified_time\" content=\"2023-01-20T08:54:50+00:00\" \/>\n<meta property=\"og:image\" content=\"https:\/\/panel.nautiqueyachting.com\/wp-content\/uploads\/2023\/01\/Nautique_Yachting-1024x614.png\" \/>\n<meta name=\"twitter:card\" content=\"summary_large_image\" \/>\n<meta name=\"twitter:label1\" content=\"Tahmini okuma s\u00fcresi\" \/>\n\t<meta name=\"twitter:data1\" content=\"1 dakika\" \/>\n<script type=\"application\/ld+json\" class=\"yoast-schema-graph\">{\"@context\":\"https:\/\/schema.org\",\"@graph\":[{\"@type\":\"WebPage\",\"@id\":\"https:\/\/panel.nautiqueyachting.com\/tr\/kaptan-kayit-formu\/\",\"url\":\"https:\/\/panel.nautiqueyachting.com\/tr\/kaptan-kayit-formu\/\",\"name\":\"Nautique Yachting - Kaptan Kay\u0131t Formu\",\"isPartOf\":{\"@id\":\"https:\/\/panel.nautiqueyachting.com\/tr\/#website\"},\"datePublished\":\"2023-01-20T08:46:30+00:00\",\"dateModified\":\"2023-01-20T08:54:50+00:00\",\"description\":\"Nautique Yachting Sistemine Kay\u0131t Olmak \u0130\u00e7in L\u00fctfen Bilgileri Doldurunuz.\",\"breadcrumb\":{\"@id\":\"https:\/\/panel.nautiqueyachting.com\/tr\/kaptan-kayit-formu\/#breadcrumb\"},\"inLanguage\":\"tr\",\"potentialAction\":[{\"@type\":\"ReadAction\",\"target\":[\"https:\/\/panel.nautiqueyachting.com\/tr\/kaptan-kayit-formu\/\"]}]},{\"@type\":\"BreadcrumbList\",\"@id\":\"https:\/\/panel.nautiqueyachting.com\/tr\/kaptan-kayit-formu\/#breadcrumb\",\"itemListElement\":[{\"@type\":\"ListItem\",\"position\":1,\"name\":\"Home\",\"item\":\"https:\/\/panel.nautiqueyachting.com\/tr\/\"},{\"@type\":\"ListItem\",\"position\":2,\"name\":\"Kaptan Kay\u0131t Formu\"}]},{\"@type\":\"WebSite\",\"@id\":\"https:\/\/panel.nautiqueyachting.com\/tr\/#website\",\"url\":\"https:\/\/panel.nautiqueyachting.com\/tr\/\",\"name\":\"Nautique Yachting\",\"description\":\"The Difference is Our Experience\",\"potentialAction\":[{\"@type\":\"SearchAction\",\"target\":{\"@type\":\"EntryPoint\",\"urlTemplate\":\"https:\/\/panel.nautiqueyachting.com\/tr\/?s={search_term_string}\"},\"query-input\":\"required name=search_term_string\"}],\"inLanguage\":\"tr\"}]}<\/script>\n<!-- \/ Yoast SEO plugin. -->","yoast_head_json":{"title":"Nautique Yachting - Kaptan Kay\u0131t Formu","description":"Nautique Yachting Sistemine Kay\u0131t Olmak \u0130\u00e7in L\u00fctfen Bilgileri Doldurunuz.","robots":{"index":"noindex","follow":"follow","max-snippet":"max-snippet:-1","max-image-preview":"max-image-preview:large","max-video-preview":"max-video-preview:-1"},"og_locale":"tr_TR","og_type":"article","og_title":"Nautique Yachting - Kaptan Kay\u0131t Formu","og_description":"Nautique Yachting Sistemine Kay\u0131t Olmak \u0130\u00e7in L\u00fctfen Bilgileri Doldurunuz.","og_url":"https:\/\/panel.nautiqueyachting.com\/tr\/kaptan-kayit-formu\/","og_site_name":"Nautique Yachting","article_modified_time":"2023-01-20T08:54:50+00:00","og_image":[{"url":"https:\/\/panel.nautiqueyachting.com\/wp-content\/uploads\/2023\/01\/Nautique_Yachting-1024x614.png"}],"twitter_card":"summary_large_image","twitter_misc":{"Tahmini okuma s\u00fcresi":"1 dakika"},"schema":{"@context":"https:\/\/schema.org","@graph":[{"@type":"WebPage","@id":"https:\/\/panel.nautiqueyachting.com\/tr\/kaptan-kayit-formu\/","url":"https:\/\/panel.nautiqueyachting.com\/tr\/kaptan-kayit-formu\/","name":"Nautique Yachting - Kaptan Kay\u0131t Formu","isPartOf":{"@id":"https:\/\/panel.nautiqueyachting.com\/tr\/#website"},"datePublished":"2023-01-20T08:46:30+00:00","dateModified":"2023-01-20T08:54:50+00:00","description":"Nautique Yachting Sistemine Kay\u0131t Olmak \u0130\u00e7in L\u00fctfen Bilgileri Doldurunuz.","breadcrumb":{"@id":"https:\/\/panel.nautiqueyachting.com\/tr\/kaptan-kayit-formu\/#breadcrumb"},"inLanguage":"tr","potentialAction":[{"@type":"ReadAction","target":["https:\/\/panel.nautiqueyachting.com\/tr\/kaptan-kayit-formu\/"]}]},{"@type":"BreadcrumbList","@id":"https:\/\/panel.nautiqueyachting.com\/tr\/kaptan-kayit-formu\/#breadcrumb","itemListElement":[{"@type":"ListItem","position":1,"name":"Home","item":"https:\/\/panel.nautiqueyachting.com\/tr\/"},{"@type":"ListItem","position":2,"name":"Kaptan Kay\u0131t Formu"}]},{"@type":"WebSite","@id":"https:\/\/panel.nautiqueyachting.com\/tr\/#website","url":"https:\/\/panel.nautiqueyachting.com\/tr\/","name":"Nautique Yachting","description":"The Difference is Our Experience","potentialAction":[{"@type":"SearchAction","target":{"@type":"EntryPoint","urlTemplate":"https:\/\/panel.nautiqueyachting.com\/tr\/?s={search_term_string}"},"query-input":"required name=search_term_string"}],"inLanguage":"tr"}]}},"_links":{"self":[{"href":"https:\/\/panel.nautiqueyachting.com\/tr\/wp-json\/wp\/v2\/pages\/1238","targetHints":{"allow":["GET"]}}],"collection":[{"href":"https:\/\/panel.nautiqueyachting.com\/tr\/wp-json\/wp\/v2\/pages"}],"about":[{"href":"https:\/\/panel.nautiqueyachting.com\/tr\/wp-json\/wp\/v2\/types\/page"}],"author":[{"embeddable":true,"href":"https:\/\/panel.nautiqueyachting.com\/tr\/wp-json\/wp\/v2\/users\/1"}],"replies":[{"embeddable":true,"href":"https:\/\/panel.nautiqueyachting.com\/tr\/wp-json\/wp\/v2\/comments?post=1238"}],"version-history":[{"count":5,"href":"https:\/\/panel.nautiqueyachting.com\/tr\/wp-json\/wp\/v2\/pages\/1238\/revisions"}],"predecessor-version":[{"id":1244,"href":"https:\/\/panel.nautiqueyachting.com\/tr\/wp-json\/wp\/v2\/pages\/1238\/revisions\/1244"}],"wp:attachment":[{"href":"https:\/\/panel.nautiqueyachting.com\/tr\/wp-json\/wp\/v2\/media?parent=1238"}],"curies":[{"name":"wp","href":"https:\/\/api.w.org\/{rel}","templated":true}]}}